{"id":15,"date":"2013-05-13T20:26:04","date_gmt":"2013-05-13T18:26:04","guid":{"rendered":"http:\/\/mini\/wp\/?page_id=14"},"modified":"2013-07-10T12:49:27","modified_gmt":"2013-07-10T10:49:27","slug":"agb","status":"publish","type":"page","link":"http:\/\/blog.tisje.de\/?page_id=15","title":{"rendered":"AGB"},"content":{"rendered":"<h2>Geltung<\/h2>\n<p>Die Allgemeinen Gesch\u00e4ftsbedingungen gelten f\u00fcr alle unsere Angebote und Vertr\u00e4ge. Sp\u00e4testens mit der Entgegennahme der Ware gelten diese Bedingungen als angenommen. Die AGB gelten f\u00fcr alle k\u00fcnftigen Vertr\u00e4ge zwischen den Vertragsparteien auch ohne ausdr\u00fcckliche Nennung.<\/p>\n<h2>Angebote<\/h2>\n<ol>\n<li>Unsere Angebote sind freibleibend.<\/li>\n<li>M\u00fcndliche Nebenabreden bed\u00fcrfen um wirksam zu sein der schriftlichen Best\u00e4tigung.<\/li>\n<\/ol>\n<h2>Preise und Zahlungsbedingungen<\/h2>\n<p>Unsere Preise verstehen sich, falls nicht ausdr\u00fccklich anders vereinbart, netto Kasse ab Ansbach, zuz\u00fcglich der gesetzlichen Mehrwertsteuer. Unsere Rechnungen sind, soweit nichts anderes vereinbart, innerhalb 20 Tagen rein netto zahlbar. Bei Zahlung innerhalb 8 Tagen gew\u00e4hren wir 2% Skonto. Bei \u00dcberschreitung des Zahlungszieles sind wir auch ohne Mahnung berechtigt, Zinsen in H\u00f6he der jeweiligen Banks\u00e4tze f\u00fcr \u00dcberziehungskredite zu berechnen. Die Geltendmachung eines weiteren Verzugsschadens bleibt vorbehalten.<\/p>\n<h2>Eigentumsvorbehalt<\/h2>\n<p>Die Ware bleibt bis zur vollst\u00e4ndigen Bezahlung unser Eigentum.<\/p>\n<h2>Versand<\/h2>\n<p>Der Versand erfolgt auf Rechnung und Gefahr des Bestellers. Erf\u00fcllungsort f\u00fcr Lieferungen ist die Verladestelle am Sitz des Verk\u00e4ufers. Die Ware ist zum vereinbarten Termin abzunehmen. Der K\u00e4ufer \u00fcbernimmt die Gefahr ab dem Beginn der Aufladung. Die Versendung erfolgt im Auftrag und f\u00fcr Rechnung des K\u00e4ufers, wenn nicht ausdr\u00fccklich etwas anderes vereinbart wurde.<\/p>\n<h2>Paletten<\/h2>\n<p>Paletten werden handels\u00fcblich berechnet und bei R\u00fcckgabe gutgeschrieben.<\/p>\n<h2>Gew\u00e4hrleistung:<\/h2>\n<p>Der K\u00e4ufer ist verpflichtet, die Ware unverz\u00fcglich nach Lieferung bzw. \u00dcbernahme zu pr\u00fcfen und offensichtliche M\u00e4ngel innerhalb von 8 Tagen schriftlich zu r\u00fcgen.<\/p>\n<h2>M\u00e4ngel<\/h2>\n<p>Historische Baustoffe werden aus dem R\u00fcckbau von Geb\u00e4uden gewonnen und unterliegen keiner Norm. Abweichungen in Ma\u00df, Oberfl\u00e4che und Farbe sowie Verarbeitungsspuren oder Gebrauchsspuren sind materialeigen und stellen keinen Mangel der Ware dar. Dies gilt sowohl f\u00fcr Mustersendungen als auch f\u00fcr die eigentliche Ware. Der Bruchanteil f\u00fcr Fu\u00dfboden- und Wandplatten betr\u00e4gt 3 % und geht zu Lasten des K\u00e4ufers. M\u00e4ngel m\u00fcssen unverz\u00fcglich bei \u00dcbernahme der Waren oder Leistungen und in jedem Fall vor einer Verwendung bzw. Verarbeitung geltend gemacht werden. Eine Haftung f\u00fcr Sch\u00e4den, die durch Verarbeitung und Einbau mangelhafter Ware entstehen ist ausgeschlossen.<\/p>\n<h2>Internationaler Warenkauf<\/h2>\n<p>Es gilt ausschlie\u00dflich deutsches Recht.<\/p>\n<h2>Bau-Werkleistungen<\/h2>\n<p>Sind Bau-Werkleistungen auszuf\u00fchren, so gelten daf\u00fcr die Bestimmungen der VOB\/B.<\/p>\n<h2>Erf\u00fcllungsort<\/h2>\n<p>Erf\u00fcllungsort f\u00fcr Lieferungen und Leistungen ist der Firmensitz.<\/p>\n","protected":false},"excerpt":{"rendered":"<p>Geltung Die Allgemeinen Gesch\u00e4ftsbedingungen gelten f\u00fcr alle unsere Angebote und Vertr\u00e4ge. Sp\u00e4testens mit der Entgegennahme der Ware gelten diese Bedingungen als angenommen. Die AGB gelten f\u00fcr alle k\u00fcnftigen Vertr\u00e4ge zwischen den Vertragsparteien auch ohne ausdr\u00fcckliche Nennung. Angebote Unsere Angebote sind &hellip; <a href=\"http:\/\/blog.tisje.de\/?page_id=15\">Weiterlesen <span class=\"meta-nav\">&rarr;<\/span><\/a><\/p>\n","protected":false},"author":2,"featured_media":0,"parent":0,"menu_order":0,"comment_status":"closed","ping_status":"open","template":"","meta":{"footnotes":""},"class_list":["post-15","page","type-page","status-publish","hentry"],"_links":{"self":[{"href":"http:\/\/blog.tisje.de\/index.php?rest_route=\/wp\/v2\/pages\/15","targetHints":{"allow":["GET"]}}],"collection":[{"href":"http:\/\/blog.tisje.de\/index.php?rest_route=\/wp\/v2\/pages"}],"about":[{"href":"http:\/\/blog.tisje.de\/index.php?rest_route=\/wp\/v2\/types\/page"}],"author":[{"embeddable":true,"href":"http:\/\/blog.tisje.de\/index.php?rest_route=\/wp\/v2\/users\/2"}],"replies":[{"embeddable":true,"href":"http:\/\/blog.tisje.de\/index.php?rest_route=%2Fwp%2Fv2%2Fcomments&post=15"}],"version-history":[{"count":5,"href":"http:\/\/blog.tisje.de\/index.php?rest_route=\/wp\/v2\/pages\/15\/revisions"}],"predecessor-version":[{"id":203,"href":"http:\/\/blog.tisje.de\/index.php?rest_route=\/wp\/v2\/pages\/15\/revisions\/203"}],"wp:attachment":[{"href":"http:\/\/blog.tisje.de\/index.php?rest_route=%2Fwp%2Fv2%2Fmedia&parent=15"}],"curies":[{"name":"wp","href":"https:\/\/api.w.org\/{rel}","templated":true}]}}